{"id":36452,"date":"2024-05-16T09:01:45","date_gmt":"2024-05-16T09:01:45","guid":{"rendered":"https:\/\/theme-dev.cmsmasters.net\/dentalist\/?page_id=27"},"modified":"2025-05-07T07:50:00","modified_gmt":"2025-05-07T07:50:00","slug":"iletisim","status":"publish","type":"page","link":"https:\/\/felizclinic.com\/index.php\/iletisim\/","title":{"rendered":"\u0130leti\u015fim"},"content":{"rendered":"\t\t<div data-elementor-type=\"wp-page\" data-elementor-id=\"36452\" class=\"elementor elementor-36452\">\n\t\t\t\t<div class=\"elementor-element elementor-element-1e9d3be e-flex e-con-boxed cmsmasters-bg-hide-none cmsmasters-bg-hide-none cmsmasters-block-default e-con e-parent\" data-id=\"1e9d3be\" data-element_type=\"container\" data-e-type=\"container\" data-settings=\"{&quot;background_background&quot;:&quot;classic&quot;}\">\n\t\t\t\t\t<div class=\"e-con-inner\">\n\t\t<div class=\"elementor-element elementor-element-9513723 e-flex e-con-boxed cmsmasters-block-default e-con e-child\" data-id=\"9513723\" data-element_type=\"container\" data-e-type=\"container\">\n\t\t\t\t\t<div class=\"e-con-inner\">\n\t\t\t\t<div class=\"elementor-element elementor-element-bbf615d cmsmasters-block-default cmsmasters-sticky-default elementor-widget elementor-widget-heading\" data-id=\"bbf615d\" data-element_type=\"widget\" data-e-type=\"widget\" data-widget_type=\"heading.default\">\n\t\t\t\t<div class=\"elementor-widget-container\">\n\t\t\t\t\t<h6 class=\"elementor-heading-title elementor-size-default\">\u0130leti\u015fim<\/h6>\t\t\t\t<\/div>\n\t\t\t\t<\/div>\n\t\t\t\t<div class=\"elementor-element elementor-element-0074a0e cmsmasters-block-default cmsmasters-sticky-default elementor-widget elementor-widget-heading\" data-id=\"0074a0e\" data-element_type=\"widget\" data-e-type=\"widget\" data-widget_type=\"heading.default\">\n\t\t\t\t<div class=\"elementor-widget-container\">\n\t\t\t\t\t<h1 class=\"elementor-heading-title elementor-size-default\">\u0130ster online, ister telefonla, ister yolunuz d\u00fc\u015ferse... Bize ula\u015fman\u0131z \u00e7ok kolay!<\/h1>\t\t\t\t<\/div>\n\t\t\t\t<\/div>\n\t\t<div class=\"elementor-element elementor-element-6a054ca e-flex e-con-boxed cmsmasters-block-default e-con e-child\" data-id=\"6a054ca\" data-element_type=\"container\" data-e-type=\"container\">\n\t\t\t\t\t<div class=\"e-con-inner\">\n\t\t\t\t<div class=\"elementor-element elementor-element-5f789e1 cmsmasters-block-default cmsmasters-sticky-default elementor-widget elementor-widget-cmsmasters-button\" data-id=\"5f789e1\" data-element_type=\"widget\" data-e-type=\"widget\" data-widget_type=\"cmsmasters-button.default\">\n\t\t\t\t<div class=\"elementor-widget-container\">\n\t\t\t\t\t<div class=\"elementor-widget-cmsmasters-button__button-container\"><div class=\"elementor-widget-cmsmasters-button__button-container-inner\"><a href=\"https:\/\/wa.me\/+905400447272\" class=\"cmsmasters-button-link elementor-widget-cmsmasters-button__button cmsmasters-icon-view- cmsmasters-icon-shape- cmsmasters-button-size-sm\" role=\"button\"><span class=\"elementor-widget-cmsmasters-button__content-wrapper cmsmasters-align-icon-\"><span class=\"elementor-widget-cmsmasters-button__text\">Online Randevu Al<\/span><\/span><\/a><\/div><\/div>\t\t\t\t<\/div>\n\t\t\t\t<\/div>\n\t\t\t\t<div class=\"elementor-element elementor-element-bc50746 cmsmasters-icon-arrangement-together cmsmasters-block-default cmsmasters-sticky-default elementor-widget elementor-widget-cmsmasters-button\" data-id=\"bc50746\" data-element_type=\"widget\" data-e-type=\"widget\" data-widget_type=\"cmsmasters-button.default\">\n\t\t\t\t<div class=\"elementor-widget-container\">\n\t\t\t\t\t<div class=\"elementor-widget-cmsmasters-button__button-container\"><div class=\"elementor-widget-cmsmasters-button__button-container-inner\"><a href=\"tel:05400447272\" class=\"cmsmasters-button-link elementor-widget-cmsmasters-button__button cmsmasters-icon-view-framed cmsmasters-icon-shape-circle cmsmasters-button-size-sm\" role=\"button\"><span class=\"elementor-widget-cmsmasters-button__content-wrapper cmsmasters-align-icon-left\"><span class=\"elementor-widget-cmsmasters-button__icon\"><i aria-hidden=\"true\" class=\"cmsdemo-icon- cms-demo-icon-phone\"><\/i><\/span><span class=\"elementor-widget-cmsmasters-button__text\">Sesli Arama \u0130\u00e7in Buraya T\u0131klay\u0131n\u0131z.<\/span><\/span><\/a><\/div><\/div>\t\t\t\t<\/div>\n\t\t\t\t<\/div>\n\t\t\t\t\t<\/div>\n\t\t\t\t<\/div>\n\t\t\t\t\t<\/div>\n\t\t\t\t<\/div>\n\t\t<div class=\"elementor-element elementor-element-3d9fce0 e-flex e-con-boxed cmsmasters-block-default e-con e-child\" data-id=\"3d9fce0\" data-element_type=\"container\" data-e-type=\"container\">\n\t\t\t\t\t<div class=\"e-con-inner\">\n\t\t\t\t<div class=\"elementor-element elementor-element-be80cac cmsmasters-block-default cmsmasters-sticky-default elementor-widget elementor-widget-image\" data-id=\"be80cac\" data-element_type=\"widget\" data-e-type=\"widget\" data-widget_type=\"image.default\">\n\t\t\t\t<div class=\"elementor-widget-container\">\n\t\t\t\t\t\t\t\t\t\t\t\t\t\t\t<img fetchpriority=\"high\" decoding=\"async\" width=\"1180\" height=\"1260\" src=\"https:\/\/felizclinic.com\/wp-content\/uploads\/2024\/05\/contacts-2-1-30x32.webp\" class=\"attachment-full size-full wp-image-28494 cmsmasters_img cmsmasters-lazyload lazyload\" alt=\"\" data-sizes=\"(max-width: 1180px) 100vw, 1180px\" data-src=\"https:\/\/felizclinic.com\/wp-content\/uploads\/2024\/05\/contacts-2-1.webp\" data-srcset=\"https:\/\/felizclinic.com\/wp-content\/uploads\/2024\/05\/contacts-2-1.webp 1180w, https:\/\/felizclinic.com\/wp-content\/uploads\/2024\/05\/contacts-2-1-600x641.webp 600w, https:\/\/felizclinic.com\/wp-content\/uploads\/2024\/05\/contacts-2-1-281x300.webp 281w, https:\/\/felizclinic.com\/wp-content\/uploads\/2024\/05\/contacts-2-1-959x1024.webp 959w, https:\/\/felizclinic.com\/wp-content\/uploads\/2024\/05\/contacts-2-1-768x820.webp 768w, https:\/\/felizclinic.com\/wp-content\/uploads\/2024\/05\/contacts-2-1-30x32.webp 30w, https:\/\/felizclinic.com\/wp-content\/uploads\/2024\/05\/contacts-2-1-9x10.webp 9w\" srcset=\"https:\/\/felizclinic.com\/wp-content\/uploads\/2024\/05\/contacts-2-1-30x32.webp 30w, https:\/\/felizclinic.com\/wp-content\/uploads\/2024\/05\/contacts-2-1-600x641.webp 600w, https:\/\/felizclinic.com\/wp-content\/uploads\/2024\/05\/contacts-2-1-281x300.webp 281w, https:\/\/felizclinic.com\/wp-content\/uploads\/2024\/05\/contacts-2-1-959x1024.webp 959w, https:\/\/felizclinic.com\/wp-content\/uploads\/2024\/05\/contacts-2-1-768x820.webp 768w, https:\/\/felizclinic.com\/wp-content\/uploads\/2024\/05\/contacts-2-1-9x10.webp 9w, https:\/\/felizclinic.com\/wp-content\/uploads\/2024\/05\/contacts-2-1.webp 1180w\" sizes=\"(max-width: 1180px) 100vw, 1180px\" \/>\t\t\t\t\t\t\t\t\t\t\t\t\t\t\t<\/div>\n\t\t\t\t<\/div>\n\t\t\t\t<div class=\"elementor-element elementor-element-a3ff715 elementor-widget__width-initial elementor-absolute elementor-hidden-mobile cmsmasters-block-default cmsmasters-sticky-default elementor-widget elementor-widget-image\" data-id=\"a3ff715\" data-element_type=\"widget\" data-e-type=\"widget\" data-settings=\"{&quot;_position&quot;:&quot;absolute&quot;}\" data-widget_type=\"image.default\">\n\t\t\t\t<div class=\"elementor-widget-container\">\n\t\t\t\t\t\t\t\t\t\t\t\t\t\t\t<img decoding=\"async\" width=\"260\" height=\"260\" src=\"https:\/\/felizclinic.com\/wp-content\/uploads\/2024\/05\/contacts-3-1-30x30.webp\" class=\"attachment-large size-large wp-image-28645 cmsmasters_img cmsmasters-lazyload lazyload\" alt=\"\" data-sizes=\"(max-width: 260px) 100vw, 260px\" data-src=\"https:\/\/felizclinic.com\/wp-content\/uploads\/2024\/05\/contacts-3-1.webp\" data-srcset=\"https:\/\/felizclinic.com\/wp-content\/uploads\/2024\/05\/contacts-3-1.webp 260w, https:\/\/felizclinic.com\/wp-content\/uploads\/2024\/05\/contacts-3-1-100x100.webp 100w, https:\/\/felizclinic.com\/wp-content\/uploads\/2024\/05\/contacts-3-1-150x150.webp 150w, https:\/\/felizclinic.com\/wp-content\/uploads\/2024\/05\/contacts-3-1-30x30.webp 30w, https:\/\/felizclinic.com\/wp-content\/uploads\/2024\/05\/contacts-3-1-10x10.webp 10w\" srcset=\"https:\/\/felizclinic.com\/wp-content\/uploads\/2024\/05\/contacts-3-1-30x30.webp 30w, https:\/\/felizclinic.com\/wp-content\/uploads\/2024\/05\/contacts-3-1-100x100.webp 100w, https:\/\/felizclinic.com\/wp-content\/uploads\/2024\/05\/contacts-3-1-150x150.webp 150w, https:\/\/felizclinic.com\/wp-content\/uploads\/2024\/05\/contacts-3-1-10x10.webp 10w, https:\/\/felizclinic.com\/wp-content\/uploads\/2024\/05\/contacts-3-1.webp 260w\" sizes=\"(max-width: 260px) 100vw, 260px\" \/>\t\t\t\t\t\t\t\t\t\t\t\t\t\t\t<\/div>\n\t\t\t\t<\/div>\n\t\t\t\t\t<\/div>\n\t\t\t\t<\/div>\n\t\t\t\t\t<\/div>\n\t\t\t\t<\/div>\n\t\t<div class=\"elementor-element elementor-element-7c482df e-flex e-con-boxed cmsmasters-block-default e-con e-parent\" data-id=\"7c482df\" data-element_type=\"container\" data-e-type=\"container\">\n\t\t\t\t\t<div class=\"e-con-inner\">\n\t\t<div class=\"elementor-element elementor-element-e3ab44d e-con-full e-flex cmsmasters-block-default e-con e-child\" data-id=\"e3ab44d\" data-element_type=\"container\" data-e-type=\"container\">\n\t\t\t\t<div class=\"elementor-element elementor-element-ce6774a elementor-widget__width-initial cmsmasters-block-default cmsmasters-sticky-default elementor-widget elementor-widget-heading\" data-id=\"ce6774a\" data-element_type=\"widget\" data-e-type=\"widget\" data-widget_type=\"heading.default\">\n\t\t\t\t<div class=\"elementor-widget-container\">\n\t\t\t\t\t<h2 class=\"elementor-heading-title elementor-size-default\">Adres Bilgileri<\/h2>\t\t\t\t<\/div>\n\t\t\t\t<\/div>\n\t\t\t\t<div class=\"elementor-element elementor-element-7dbf9ca cmsmasters-block-default cmsmasters-sticky-default elementor-widget elementor-widget-heading\" data-id=\"7dbf9ca\" data-element_type=\"widget\" data-e-type=\"widget\" data-widget_type=\"heading.default\">\n\t\t\t\t<div class=\"elementor-widget-container\">\n\t\t\t\t\t<p class=\"elementor-heading-title elementor-size-default\">Klini\u011fimiz ve uzman ekibimiz hakk\u0131nda daha fazla bilgi al\u0131n; toplumumuzda neden bu kadar \u00e7ok ki\u015fi taraf\u0131ndan tercih edildi\u011fimizi g\u00f6r\u00fcn.<\/p>\t\t\t\t<\/div>\n\t\t\t\t<\/div>\n\t\t<div class=\"elementor-element elementor-element-b838961 e-flex e-con-boxed cmsmasters-block-default e-con e-child\" data-id=\"b838961\" data-element_type=\"container\" data-e-type=\"container\">\n\t\t\t\t\t<div class=\"e-con-inner\">\n\t\t<div class=\"elementor-element elementor-element-282471d e-con-full e-flex cmsmasters-block-default e-con e-child\" data-id=\"282471d\" data-element_type=\"container\" data-e-type=\"container\">\n\t\t\t\t<div class=\"elementor-element elementor-element-41b5eda cmsmasters-block-default cmsmasters-sticky-default elementor-widget elementor-widget-heading\" data-id=\"41b5eda\" data-element_type=\"widget\" data-e-type=\"widget\" data-widget_type=\"heading.default\">\n\t\t\t\t<div class=\"elementor-widget-container\">\n\t\t\t\t\t<div class=\"elementor-heading-title elementor-size-default\">Adres:<\/div>\t\t\t\t<\/div>\n\t\t\t\t<\/div>\n\t\t\t\t<div class=\"elementor-element elementor-element-036966d cmsmasters-block-default cmsmasters-sticky-default elementor-widget elementor-widget-text-editor\" data-id=\"036966d\" data-element_type=\"widget\" data-e-type=\"widget\" data-widget_type=\"text-editor.default\">\n\t\t\t\t<div class=\"elementor-widget-container\">\n\t\t\t\t\t\t\t\t\t<p><span class=\"cmsmasters-widget-icon-list-item-text-wrap\"><span class=\"cmsmasters-widget-icon-list-item-text-inner\"><span class=\"cmsmasters-widget-icon-list-item-text\">G\u00fcltepe Mahallesi 5333\/A Sokak No:1\/B No:1 Merkez\/Batman<\/span><\/span><\/span><\/p>\t\t\t\t\t\t\t\t<\/div>\n\t\t\t\t<\/div>\n\t\t\t\t<\/div>\n\t\t<div class=\"elementor-element elementor-element-29770cd e-con-full e-flex cmsmasters-block-default e-con e-child\" data-id=\"29770cd\" data-element_type=\"container\" data-e-type=\"container\">\n\t\t\t\t<div class=\"elementor-element elementor-element-7c09afe cmsmasters-block-default cmsmasters-sticky-default elementor-widget elementor-widget-heading\" data-id=\"7c09afe\" data-element_type=\"widget\" data-e-type=\"widget\" data-widget_type=\"heading.default\">\n\t\t\t\t<div class=\"elementor-widget-container\">\n\t\t\t\t\t<div class=\"elementor-heading-title elementor-size-default\">Telefon &amp; E-posta<\/div>\t\t\t\t<\/div>\n\t\t\t\t<\/div>\n\t\t\t\t<div class=\"elementor-element elementor-element-99809c6 cmsmasters-block-default cmsmasters-sticky-default elementor-widget elementor-widget-text-editor\" data-id=\"99809c6\" data-element_type=\"widget\" data-e-type=\"widget\" data-widget_type=\"text-editor.default\">\n\t\t\t\t<div class=\"elementor-widget-container\">\n\t\t\t\t\t\t\t\t\t<p><a href=\"tel:05400447272\">05400447272<\/a><\/p><p><a href=\"mailto:info@felizclinic.com\">info@felizclinic.com<\/a><\/p>\t\t\t\t\t\t\t\t<\/div>\n\t\t\t\t<\/div>\n\t\t\t\t<\/div>\n\t\t\t\t\t<\/div>\n\t\t\t\t<\/div>\n\t\t\t\t<\/div>\n\t\t<div class=\"elementor-element elementor-element-a82dc15 e-con-full e-flex cmsmasters-block-default e-con e-child\" data-id=\"a82dc15\" data-element_type=\"container\" data-e-type=\"container\">\n\t\t\t\t<div class=\"elementor-element elementor-element-3e77fde cmsmasters-block-default cmsmasters-sticky-default elementor-widget elementor-widget-html\" data-id=\"3e77fde\" data-element_type=\"widget\" data-e-type=\"widget\" data-widget_type=\"html.default\">\n\t\t\t\t<div class=\"elementor-widget-container\">\n\t\t\t\t\t<iframe src=\"https:\/\/www.google.com\/maps\/embed?pb=!1m18!1m12!1m3!1d3147.5322405988495!2d41.14020517630951!3d37.91799470389643!2m3!1f0!2f0!3f0!3m2!1i1024!2i768!4f13.1!3m3!1m2!1s0x400b47f77b20ab17%3A0xf61b8dec66da526e!2sFeliz%20Clinic!5e0!3m2!1str!2str!4v1746274334340!5m2!1str!2str\" width=\"800\" height=\"600\" style=\"border:0;\" allowfullscreen=\"\" loading=\"lazy\" referrerpolicy=\"no-referrer-when-downgrade\"><\/iframe>\t\t\t\t<\/div>\n\t\t\t\t<\/div>\n\t\t\t\t<\/div>\n\t\t\t\t\t<\/div>\n\t\t\t\t<\/div>\n\t\t\t\t<\/div>\n\t\t","protected":false},"excerpt":{"rendered":"<p>\u0130leti\u015fim \u0130ster online, ister telefonla, ister yolunuz d\u00fc\u015ferse&#8230; Bize ula\u015fman\u0131z \u00e7ok kolay! Online Randevu Al Sesli Arama \u0130\u00e7in Buraya T\u0131klay\u0131n\u0131z. Adres Bilgileri Klini\u011fimiz ve uzman ekibimiz hakk\u0131nda daha fazla bilgi al\u0131n; toplumumuzda neden bu kadar \u00e7ok ki\u015fi taraf\u0131ndan tercih edildi\u011fimizi g\u00f6r\u00fcn. Adres: G\u00fcltepe Mahallesi 5333\/A Sokak No:1\/B No:1 Merkez\/Batman Telefon &#038; E-posta 05400447272 info@felizclinic.com<\/p>\n","protected":false},"author":1,"featured_media":0,"parent":0,"menu_order":0,"comment_status":"closed","ping_status":"closed","template":"","meta":{"_acf_changed":false,"footnotes":""},"class_list":["post-36452","page","type-page","status-publish","hentry"],"acf":[],"_links":{"self":[{"href":"https:\/\/felizclinic.com\/index.php\/wp-json\/wp\/v2\/pages\/36452","targetHints":{"allow":["GET"]}}],"collection":[{"href":"https:\/\/felizclinic.com\/index.php\/wp-json\/wp\/v2\/pages"}],"about":[{"href":"https:\/\/felizclinic.com\/index.php\/wp-json\/wp\/v2\/types\/page"}],"author":[{"embeddable":true,"href":"https:\/\/felizclinic.com\/index.php\/wp-json\/wp\/v2\/users\/1"}],"replies":[{"embeddable":true,"href":"https:\/\/felizclinic.com\/index.php\/wp-json\/wp\/v2\/comments?post=36452"}],"version-history":[{"count":23,"href":"https:\/\/felizclinic.com\/index.php\/wp-json\/wp\/v2\/pages\/36452\/revisions"}],"predecessor-version":[{"id":36773,"href":"https:\/\/felizclinic.com\/index.php\/wp-json\/wp\/v2\/pages\/36452\/revisions\/36773"}],"wp:attachment":[{"href":"https:\/\/felizclinic.com\/index.php\/wp-json\/wp\/v2\/media?parent=36452"}],"curies":[{"name":"wp","href":"https:\/\/api.w.org\/{rel}","templated":true}]}}